{"id":2,"date":"2023-12-27T15:09:27","date_gmt":"2023-12-27T14:09:27","guid":{"rendered":"http:\/\/terebellum.fr\/?page_id=2"},"modified":"2025-11-25T00:33:22","modified_gmt":"2025-11-24T23:33:22","slug":"page_accueil","status":"publish","type":"page","link":"https:\/\/terebellum.fr\/index.php\/page_accueil\/","title":{"rendered":"Terebellum"},"content":{"rendered":"\n<figure class=\"wp-block-image size-full\"><img loading=\"lazy\" decoding=\"async\" width=\"965\" height=\"490\" src=\"https:\/\/terebellum.fr\/wp-content\/uploads\/2024\/02\/Terebellum-etoiles3text-1.png\" alt=\"\" class=\"wp-image-65\" srcset=\"https:\/\/terebellum.fr\/wp-content\/uploads\/2024\/02\/Terebellum-etoiles3text-1.png 965w, https:\/\/terebellum.fr\/wp-content\/uploads\/2024\/02\/Terebellum-etoiles3text-1-300x152.png 300w, https:\/\/terebellum.fr\/wp-content\/uploads\/2024\/02\/Terebellum-etoiles3text-1-768x390.png 768w\" sizes=\"auto, (max-width: 965px) 100vw, 965px\" \/><\/figure>\n\n\n\n<p>Terebellum &#8230; ma vie se fraye un chemin sans dogme ni croyance !<\/p>\n\n\n\n<p>Aux aurores de cette vie, le Soleil, dans sa course apparente \u00e0 travers les cieux, s\u2019attardait encore sur la croupe du Sagittaire. Apr\u00e8s avoir gliss\u00e9 entre Nunki et Albaldah, il caressait le crin soyeux de la queue du centaure, fi\u00e8rement dress\u00e9e vers les plumes de l\u2019Aigle. Il ne croisera la soixante-quinzi\u00e8me n\u00e9bulosit\u00e9 de Messier, ce bel amas globulaire du bulbe de notre Galaxie, que deux jours plus tard avant d\u2019entrer dans les champs du Capricorne, vers Dorsum, le dos de la ch\u00e8vre.<br>En ces temps-l\u00e0, les douleurs d\u2019une venue au monde nourrissaient aussi les craintes d\u2019un d\u00e9part pr\u00e9matur\u00e9 de la vie vers les anges. Les sage-femmes veillaient \u00e0 signer rapidement le front des nouveau-n\u00e9s de peur que si dieu voulait rappeler l\u2019enfant trop vite \u00e0 lui, il puisse rejoindre directement les nimbes du paradis c\u00e9leste. Mais dieu ne s\u2019int\u00e9ressa pas \u00e0 cette destin\u00e9e. Ce f\u00fbt le Terebellum, les quatre \u00e9toiles du Tetrapleuron de Ptol\u00e9m\u00e9e, que l\u2019accoucheuse dessina sur ce corps, un losange, honor\u00e9 par le Soleil le m\u00eame jour. Il en jaillit les crins de la queue du centaure.<br>Terebellum frappait d\u00e9j\u00e0 l\u2019esprit des anciens Chinois qui l\u2019avaient identifi\u00e9 comme \u00e9tant le G\u01d2u Gu\u00f3 (\u72d7\u570b), le Territoire du Chien, plac\u00e9 entre les constellations Dou \u6597 et Niu \u725b dans la direction de la tortue noire, Xuan wu (\u7384\u6b66). Elle montre le nord et l\u2019hiver en laissant le serpent s\u2019enrouler autour d\u2019elle afin de mieux cr\u00e9er la Terre et l\u2019eau. Du froid grandit la long\u00e9vit\u00e9. Esp\u00e9rons que ces augures seront b\u00e9n\u00e9fiques&nbsp;!<\/p>\n\n\n\n<p>En attendant, le regard port\u00e9 vers les \u00e9toiles, laissez-moi vous conter quelques histoires sur les cit\u00e9s, la vie et le ciel.<\/p>\n\n\n\n<p><\/p>\n\n\n\n\n\n\n\n<figure class=\"wp-block-gallery has-nested-images columns-default is-cropped wp-block-gallery-1 is-layout-flex wp-block-gallery-is-layout-flex\"><\/figure>\n\n\n\n<figure class=\"wp-block-gallery has-nested-images columns-default is-cropped wp-block-gallery-2 is-layout-flex wp-block-gallery-is-layout-flex\"><\/figure>\n\n\n\n<p><\/p>\n","protected":false},"excerpt":{"rendered":"<p>Terebellum &#8230; ma vie se fraye un chemin sans dogme ni croyance ! Aux aurores de cette vie, le Soleil, dans sa course apparente \u00e0 travers les cieux, s\u2019attardait encore sur la croupe du Sagittaire. Apr\u00e8s avoir gliss\u00e9 entre Nunki &hellip; <a href=\"https:\/\/terebellum.fr\/index.php\/page_accueil\/\">Continuer la lecture <span class=\"meta-nav\">&rarr;<\/span><\/a><\/p>\n","protected":false},"author":1,"featured_media":45,"parent":0,"menu_order":1,"comment_status":"closed","ping_status":"closed","template":"","meta":{"_kadence_starter_templates_imported_post":false,"footnotes":""},"class_list":["post-2","page","type-page","status-publish","has-post-thumbnail","hentry"],"aioseo_notices":[],"_links":{"self":[{"href":"https:\/\/terebellum.fr\/index.php\/wp-json\/wp\/v2\/pages\/2","targetHints":{"allow":["GET"]}}],"collection":[{"href":"https:\/\/terebellum.fr\/index.php\/wp-json\/wp\/v2\/pages"}],"about":[{"href":"https:\/\/terebellum.fr\/index.php\/wp-json\/wp\/v2\/types\/page"}],"author":[{"embeddable":true,"href":"https:\/\/terebellum.fr\/index.php\/wp-json\/wp\/v2\/users\/1"}],"replies":[{"embeddable":true,"href":"https:\/\/terebellum.fr\/index.php\/wp-json\/wp\/v2\/comments?post=2"}],"version-history":[{"count":19,"href":"https:\/\/terebellum.fr\/index.php\/wp-json\/wp\/v2\/pages\/2\/revisions"}],"predecessor-version":[{"id":106,"href":"https:\/\/terebellum.fr\/index.php\/wp-json\/wp\/v2\/pages\/2\/revisions\/106"}],"wp:featuredmedia":[{"embeddable":true,"href":"https:\/\/terebellum.fr\/index.php\/wp-json\/wp\/v2\/media\/45"}],"wp:attachment":[{"href":"https:\/\/terebellum.fr\/index.php\/wp-json\/wp\/v2\/media?parent=2"}],"curies":[{"name":"wp","href":"https:\/\/api.w.org\/{rel}","templated":true}]}}